{"id":5514,"date":"2022-06-22T16:35:54","date_gmt":"2022-06-22T14:35:54","guid":{"rendered":"https:\/\/domek-akorat.cz\/?page_id=5514"},"modified":"2024-04-18T17:29:41","modified_gmt":"2024-04-18T15:29:41","slug":"%d0%ba%d0%be%d0%bd%d1%82%d0%b0%d0%ba%d1%82%d0%b8","status":"publish","type":"page","link":"https:\/\/domek-akorat.cz\/uk\/%d0%ba%d0%be%d0%bd%d1%82%d0%b0%d0%ba%d1%82%d0%b8\/","title":{"rendered":"\u041a\u041e\u041d\u0422\u0410\u041a\u0422\u0418"},"content":{"rendered":"<p>[vc_row content_width=&#8221;grid&#8221; content_aligment=&#8221;right&#8221; css=&#8221;.vc_custom_1625681349963{padding-top: 50px !important;padding-bottom: 40px !important;}&#8221;][vc_column width=&#8221;1\/2&#8243; offset=&#8221;vc_col-lg-3 vc_col-md-3&#8243;][vc_column_text]<\/p>\n<h4 style=\"text-align: left;\">\u041a\u041e\u041d\u0422\u0410\u041a\u0422\u0418<\/h4>\n<p>[\/vc_column_text][vc_empty_space height=&#8221;15px&#8221;][vc_column_text]<\/p>\n<p style=\"text-align: left;\">\u041f\u043e\u0442\u0440\u0456\u0431\u043d\u0430 \u0434\u043e\u0434\u0430\u0442\u043a\u043e\u0432\u0430 \u0456\u043d\u0444\u043e\u0440\u043c\u0430\u0446\u0456\u044f?<br \/>\n\u041f\u0440\u043e\u043f\u043e\u043d\u0443\u0454\u0442\u0435 \u0441\u043f\u0456\u0432\u043f\u0440\u0430\u0446\u044e?<br \/>\n\u0417\u0432\u2019\u044f\u0436\u0456\u0442\u044c\u0441\u044f \u0437 \u043d\u0430\u043c\u0438<\/p>\n<p>[\/vc_column_text]<div class=\"edgtf-separator-holder clearfix  edgtf-separator-left\">\n\t<div class=\"edgtf-separator\" style=\"border-color: #cbcbcb;width: 92%;margin-top: 33px;margin-bottom: 30px\"><\/div>\n<\/div>\n\n<div class=\"edgtf-custom-font-holder\" style=\"font-family: raleway;font-size: 12px;line-height: 28px;font-weight: 500;letter-spacing: 0.5px;text-transform: Uppercase;text-align: left;color: #888888\" data-font-size= 12 data-line-height= 28>\n\t\u0425\u0440\u043e\u043f\u0438\u043d\u0441\u044c\u043a\u0430 2848<br \/>\n\u041a\u0440\u043e\u043c\u0435\u0440\u0436\u0456\u0436<\/div>[vc_empty_space height=&#8221;20px&#8221;]\n<div class=\"edgtf-custom-font-holder\" style=\"font-family: raleway;font-size: 12px;line-height: 28px;font-weight: 500;letter-spacing: 0.5px;text-transform: Uppercase;text-align: left;color: #888888\" data-font-size= 12 data-line-height= 28>\n\tinfo@domek-akorat.cz<\/div>[vc_empty_space height=&#8221;50px&#8221;]\n    <span class=\"edgtf-icon-shortcode normal edgtf-icon-medium\" style=\"margin: 0 30px 0 30px\" data-color=\"#1e1e1e\">\n                    <a href=\"https:\/\/www.facebook.com\/domekakoratcz\" target=\"_blank\" >\n        \n        <i class=\"edgtf-icon-font-awesome fa fa-facebook-official edgtf-icon-element\" style=\"color: #1e1e1e\" ><\/i>\n                    <\/a>\n            <\/span>\n\n\n    <span class=\"edgtf-icon-shortcode normal edgtf-icon-medium\"  data-color=\"#1e1e1e\">\n                    <a href=\"https:\/\/www.instagram.com\/domekakorat\/\" target=\"_self\" >\n        \n        <i class=\"edgtf-icon-font-awesome fa fa-instagram edgtf-icon-element\" style=\"color: #1e1e1e\" ><\/i>\n                    <\/a>\n            <\/span>\n\n[vc_empty_space height=&#8221;50px&#8221;][\/vc_column][vc_column width=&#8221;1\/2&#8243; offset=&#8221;vc_col-lg-3 vc_col-md-3&#8243;][vc_column_text]<\/p>\n<h4 style=\"text-align: left;\">\u0425\u043e\u0447\u0435\u0442\u0435 \u0431\u0443\u0434\u0438\u043d\u043e\u043a \u0410KORAT?<\/h4>\n<p>[\/vc_column_text][vc_empty_space height=&#8221;15px&#8221;][vc_column_text]<\/p>\n<p style=\"text-align: left;\">\u041c\u043e\u0436\u0435\u043c\u043e \u0437\u0443\u0441\u0442\u0440\u0456\u0442\u0438\u0441\u044c \u0432 \u041f\u0440\u0430\u0437\u0456, \u0411\u0440\u043d\u043e, \u041e\u0441\u0442\u0440\u0430\u0432\u0456 \u0442\u0430 \u0417\u043b\u0456\u043d\u0456 \u0432 \u043e\u0434\u043d\u043e\u043c\u0443 \u0437 \u043d\u0430\u0448\u0438\u0445 \u043e\u0444\u0456\u0441\u0456\u0432<\/p>\n<p>[\/vc_column_text]<div class=\"edgtf-separator-holder clearfix  edgtf-separator-left\">\n\t<div class=\"edgtf-separator\" style=\"border-color: #cbcbcb;width: 92%;margin-top: 33px;margin-bottom: 30px\"><\/div>\n<\/div>\n\n<div class=\"edgtf-custom-font-holder\" style=\"font-family: raleway;font-size: 12px;line-height: 28px;font-weight: 500;letter-spacing: 0.5px;text-transform: Uppercase;text-align: left;color: #888888\" data-font-size= 12 data-line-height= 28>\n\t+420 737 288 726<\/div>[vc_empty_space height=&#8221;20px&#8221;][\/vc_column][vc_column offset=&#8221;vc_col-lg-6 vc_col-md-6&#8243;][vc_column_text]<\/p>\n<h4 style=\"text-align: left;\">\u0417\u0430\u0432\u0430\u043d\u0442\u0430\u0436\u0438\u0442\u0438 \u0434\u043e\u043a\u0443\u043c\u0435\u043d\u0442 \u043f\u0440\u043e \u0431\u0443\u0434\u0438\u043d\u043e\u043a AKORAT<\/h4>\n<p>[\/vc_column_text][vc_empty_space height=&#8221;15px&#8221;][vc_column_text]<\/p>\n<p style=\"text-align: left;\">\u0417\u0430\u043b\u0438\u0448\u0442\u0435 \u043d\u0430\u043c \u0412\u0430\u0448\u0456 \u043a\u043e\u043d\u0442\u0430\u043a\u0442\u043d\u0456 \u0434\u0430\u043d\u0456 \u0456 \u043c\u0438 \u043d\u0430\u0434\u0456\u0448\u043b\u0435\u043c\u043e \u0412\u0430\u043c \u043f\u0440\u0435\u0437\u0435\u043d\u0442\u0430\u0446\u0456\u044e AKORAT HOUSE<\/p>\n<p>[\/vc_column_text][vc_empty_space height=&#8221;15px&#8221;]<div role=\"form\" class=\"wpcf7\" id=\"wpcf7-f609-o1\" lang=\"cs-CZ\" dir=\"ltr\">\n<div class=\"screen-reader-response\"><p role=\"status\" aria-live=\"polite\" aria-atomic=\"true\"><\/p> <ul><\/ul><\/div>\n<form action=\"\/uk\/wp-json\/wp\/v2\/pages\/5514#wpcf7-f609-o1\" method=\"post\" class=\"wpcf7-form init cf7_custom_style_1\" novalidate=\"novalidate\" data-status=\"init\">\n<div style=\"display: none;\">\n<input type=\"hidden\" name=\"_wpcf7\" value=\"609\" \/>\n<input type=\"hidden\" name=\"_wpcf7_version\" value=\"5.4.1\" \/>\n<input type=\"hidden\" name=\"_wpcf7_locale\" value=\"cs_CZ\" \/>\n<input type=\"hidden\" name=\"_wpcf7_unit_tag\" value=\"wpcf7-f609-o1\" \/>\n<input type=\"hidden\" name=\"_wpcf7_container_post\" value=\"0\" \/>\n<input type=\"hidden\" name=\"_wpcf7_posted_data_hash\" value=\"\" \/>\n<input type=\"hidden\" name=\"_wpcf7_recaptcha_response\" value=\"\" \/>\n<\/div>\n<div><span class=\"wpcf7-form-control-wrap text\"><input type=\"text\" name=\"text\" value=\"\" size=\"40\" class=\"wpcf7-form-control wpcf7-text wpcf7-validates-as-required\" aria-required=\"true\" aria-invalid=\"false\" placeholder=\"Jm\u00e9no a p\u0159\u00edjmen\u00ed\" \/><\/span><\/div>\n<div><span class=\"wpcf7-form-control-wrap email\"><input type=\"email\" name=\"email\" value=\"\" size=\"40\" class=\"wpcf7-form-control wpcf7-text wpcf7-email wpcf7-validates-as-required wpcf7-validates-as-email\" aria-required=\"true\" aria-invalid=\"false\" placeholder=\"E-mail\" \/><\/span><\/div>\n<div><span class=\"wpcf7-form-control-wrap dokument\"><span class=\"wpcf7-form-control wpcf7-radio\"><span class=\"wpcf7-list-item first\"><label><input type=\"radio\" name=\"dokument\" value=\"chci zaslat detailn\u00ed dokument\" checked=\"checked\" \/><span class=\"wpcf7-list-item-label\">chci zaslat detailn\u00ed dokument<\/span><\/label><\/span><span class=\"wpcf7-list-item last\"><label><input type=\"radio\" name=\"dokument\" value=\"pos\u00edl\u00e1m pouze zpr\u00e1vu n\u00ed\u017ee\" \/><span class=\"wpcf7-list-item-label\">pos\u00edl\u00e1m pouze zpr\u00e1vu n\u00ed\u017ee<\/span><\/label><\/span><\/span><\/span><\/div>\n<div><span class=\"wpcf7-form-control-wrap your-message\"><textarea name=\"your-message\" cols=\"40\" rows=\"10\" class=\"wpcf7-form-control wpcf7-textarea wpcf7-validates-as-required\" aria-required=\"true\" aria-invalid=\"false\" placeholder=\"Zpr\u00e1va*\"><\/textarea><\/span><\/div>\n<div><input type=\"submit\" value=\"Odeslat\" class=\"wpcf7-form-control wpcf7-submit\" \/><\/div>\n<div class=\"wpcf7-response-output\" aria-hidden=\"true\"><\/div><\/form><\/div>[vc_empty_space height=&#8221;50px&#8221;][\/vc_column][\/vc_row][vc_row content_width=&#8221;grid&#8221;][vc_column]<div class=\"edgtf-separator-holder clearfix  edgtf-separator-center edgtf-separator-full-width\">\n\t<div class=\"edgtf-separator\" style=\"border-color: #cacaca;border-style: solid;border-bottom-width: 1pxpx;margin-top: 49px;margin-bottom: 132px\"><\/div>\n<\/div>\n[\/vc_column][\/vc_row][vc_row content_width=&#8221;grid&#8221; css=&#8221;.vc_custom_1459410816028{padding-bottom: 140px !important;}&#8221;][vc_column][vc_column_text]<\/p>\n<h4 style=\"text-align: left;\">Tady s\u00eddl\u00edme<\/h4>\n<p>[\/vc_column_text][vc_empty_space height=&#8221;20px&#8221;][vc_raw_html]JTNDaWZyYW1lJTIwc3JjJTNEJTIyaHR0cHMlM0ElMkYlMkZ3d3cuZ29vZ2xlLmNvbSUyRm1hcHMlMkZlbWJlZCUzRnBiJTNEJTIxMW0xOCUyMTFtMTIlMjExbTMlMjExZDIzNTE2Ny4zOTg3MjY1NjgxMiUyMTJkMTcuMDk3ODE3MTI2MjgxMzMlMjEzZDQ5LjM2NjIwNTY1ODU2NjIyJTIxMm0zJTIxMWYwJTIxMmYwJTIxM2YwJTIxM20yJTIxMWkxMDI0JTIxMmk3NjglMjE0ZjEzLjElMjEzbTMlMjExbTIlMjExczB4MCUyNTNBMHgwJTIxMnpORG5Dc0RFNEp6UXdMaklpVGlBeE44S3dNak1uTkRJdU9DSkYlMjE1ZTAlMjEzbTIlMjExc2NzJTIxMnNjeiUyMTR2MTYyNTkyMDY4NzYyMiUyMTVtMiUyMTFzY3MlMjEyc2N6JTIyJTIwd2lkdGglM0QlMjIxNTAwJTIyJTIwaGVpZ2h0JTNEJTIyNjAwJTIyJTIwc3R5bGUlM0QlMjJib3JkZXIlM0EwJTNCJTIyJTIwYWxsb3dmdWxsc2NyZWVuJTNEJTIyJTIyJTIwbG9hZGluZyUzRCUyMmxhenklMjIlM0UlM0MlMkZpZnJhbWUlM0U=[\/vc_raw_html][\/vc_column][\/vc_row]<\/p>\n","protected":false},"excerpt":{"rendered":"<p>[vc_row content_width=&#8221;grid&#8221; content_aligment=&#8221;right&#8221; css=&#8221;.vc_custom_1625681349963{padding-top: 50px !important;padding-bottom: 40px !important;}&#8221;][vc_column width=&#8221;1\/2&#8243; offset=&#8221;vc_col-lg-3 vc_col-md-3&#8243;][vc_column_text] \u041a\u041e\u041d\u0422\u0410\u041a\u0422\u0418 [\/vc_column_text][vc_empty_space height=&#8221;15px&#8221;][vc_column_text] \u041f\u043e\u0442\u0440\u0456\u0431\u043d\u0430 \u0434\u043e\u0434\u0430\u0442\u043a\u043e\u0432\u0430 \u0456\u043d\u0444\u043e\u0440\u043c\u0430\u0446\u0456\u044f? \u041f\u0440\u043e\u043f\u043e\u043d\u0443\u0454\u0442\u0435 \u0441\u043f\u0456\u0432\u043f\u0440\u0430\u0446\u044e? \u0417\u0432\u2019\u044f\u0436\u0456\u0442\u044c\u0441\u044f \u0437 \u043d\u0430\u043c\u0438 [\/vc_column_text][vc_empty_space height=&#8221;20px&#8221;][vc_empty_space height=&#8221;50px&#8221;][vc_empty_space height=&#8221;50px&#8221;][\/vc_column][vc_column width=&#8221;1\/2&#8243; offset=&#8221;vc_col-lg-3 vc_col-md-3&#8243;][vc_column_text] \u0425\u043e\u0447\u0435\u0442\u0435 \u0431\u0443\u0434\u0438\u043d\u043e\u043a \u0410KORAT? [\/vc_column_text][vc_empty_space height=&#8221;15px&#8221;][vc_column_text] \u041c\u043e\u0436\u0435\u043c\u043e \u0437\u0443\u0441\u0442\u0440\u0456\u0442\u0438\u0441\u044c \u0432 \u041f\u0440\u0430\u0437\u0456, \u0411\u0440\u043d\u043e, \u041e\u0441\u0442\u0440\u0430\u0432\u0456 \u0442\u0430 \u0417\u043b\u0456\u043d\u0456 \u0432 \u043e\u0434\u043d\u043e\u043c\u0443 \u0437&#8230;<\/p>\n","protected":false},"author":1,"featured_media":0,"parent":0,"menu_order":0,"comment_status":"closed","ping_status":"closed","template":"full-width.php","meta":[],"_links":{"self":[{"href":"https:\/\/domek-akorat.cz\/uk\/wp-json\/wp\/v2\/pages\/5514"}],"collection":[{"href":"https:\/\/domek-akorat.cz\/uk\/wp-json\/wp\/v2\/pages"}],"about":[{"href":"https:\/\/domek-akorat.cz\/uk\/wp-json\/wp\/v2\/types\/page"}],"author":[{"embeddable":true,"href":"https:\/\/domek-akorat.cz\/uk\/wp-json\/wp\/v2\/users\/1"}],"replies":[{"embeddable":true,"href":"https:\/\/domek-akorat.cz\/uk\/wp-json\/wp\/v2\/comments?post=5514"}],"version-history":[{"count":5,"href":"https:\/\/domek-akorat.cz\/uk\/wp-json\/wp\/v2\/pages\/5514\/revisions"}],"predecessor-version":[{"id":5689,"href":"https:\/\/domek-akorat.cz\/uk\/wp-json\/wp\/v2\/pages\/5514\/revisions\/5689"}],"wp:attachment":[{"href":"https:\/\/domek-akorat.cz\/uk\/wp-json\/wp\/v2\/media?parent=5514"}],"curies":[{"name":"wp","href":"https:\/\/api.w.org\/{rel}","templated":true}]}}