{"id":5319,"date":"2021-07-28T23:23:56","date_gmt":"2021-07-28T21:23:56","guid":{"rendered":"https:\/\/domek-akorat.cz\/?page_id=5319"},"modified":"2024-04-18T17:28:17","modified_gmt":"2024-04-18T15:28:17","slug":"contact","status":"publish","type":"page","link":"https:\/\/domek-akorat.cz\/en\/contact\/","title":{"rendered":"Contact"},"content":{"rendered":"<p>[vc_row content_width=&#8221;grid&#8221; content_aligment=&#8221;right&#8221; css=&#8221;.vc_custom_1625681349963{padding-top: 50px !important;padding-bottom: 40px !important;}&#8221;][vc_column width=&#8221;1\/2&#8243; offset=&#8221;vc_col-lg-3 vc_col-md-3&#8243;][vc_column_text]<\/p>\n<h4 style=\"text-align: left;\">Contact<\/h4>\n<p>[\/vc_column_text][vc_empty_space height=&#8221;15px&#8221;][vc_column_text]<\/p>\n<p style=\"text-align: left;\">Would you like meet us face to face? Arrange a meeting with us.<br \/>\nIn case you have an interesting offer for cooperation of an information you would like to share, contact us.<\/p>\n<p>[\/vc_column_text]<div class=\"edgtf-separator-holder clearfix  edgtf-separator-left\">\n\t<div class=\"edgtf-separator\" style=\"border-color: #cbcbcb;width: 92%;margin-top: 33px;margin-bottom: 30px\"><\/div>\n<\/div>\n\n<div class=\"edgtf-custom-font-holder\" style=\"font-family: raleway;font-size: 12px;line-height: 28px;font-weight: 500;letter-spacing: 0.5px;text-transform: Uppercase;text-align: left;color: #888888\" data-font-size= 12 data-line-height= 28>\n\tCHROPY\u0147SK\u00c1 2848,<br \/>\nKROM\u011a\u0158\u00cd\u017d 767 01<\/div>[vc_empty_space height=&#8221;20px&#8221;]\n<div class=\"edgtf-custom-font-holder\" style=\"font-family: raleway;font-size: 12px;line-height: 28px;font-weight: 500;letter-spacing: 0.5px;text-transform: Uppercase;text-align: left;color: #888888\" data-font-size= 12 data-line-height= 28>\n\tinfo@domek-akorat.cz<\/div>[vc_empty_space height=&#8221;50px&#8221;]\n    <span class=\"edgtf-icon-shortcode normal edgtf-icon-medium\" style=\"margin: 0 30px 0 30px\" data-color=\"#1e1e1e\">\n                    <a href=\"https:\/\/www.facebook.com\/domekakorat\" target=\"_blank\" >\n        \n        <i class=\"edgtf-icon-font-awesome fa fa-facebook-official edgtf-icon-element\" style=\"color: #1e1e1e\" ><\/i>\n                    <\/a>\n            <\/span>\n\n\n    <span class=\"edgtf-icon-shortcode normal edgtf-icon-medium\"  data-color=\"#1e1e1e\">\n                    <a href=\"https:\/\/www.instagram.com\/domekakoratcz\" target=\"_self\" >\n        \n        <i class=\"edgtf-icon-font-awesome fa fa-instagram edgtf-icon-element\" style=\"color: #1e1e1e\" ><\/i>\n                    <\/a>\n            <\/span>\n\n[vc_empty_space height=&#8221;50px&#8221;][\/vc_column][vc_column width=&#8221;1\/2&#8243; offset=&#8221;vc_col-lg-3 vc_col-md-3&#8243;][vc_column_text]<\/p>\n<h4 style=\"text-align: left;\">Are you intrigued?<\/h4>\n<p>[\/vc_column_text][vc_empty_space height=&#8221;15px&#8221;][vc_column_text]<\/p>\n<p style=\"text-align: left;\">Arrange a meeting and visit our model house in Kromeriz, Czech Republic.<br \/>\nWe can also meet in Prague, Brno, Ostrava or Zlin in HUB VENTURE hub offices.<\/p>\n<p>[\/vc_column_text]<div class=\"edgtf-separator-holder clearfix  edgtf-separator-left\">\n\t<div class=\"edgtf-separator\" style=\"border-color: #cbcbcb;width: 92%;margin-top: 33px;margin-bottom: 30px\"><\/div>\n<\/div>\n\n<div class=\"edgtf-custom-font-holder\" style=\"font-family: raleway;font-size: 12px;line-height: 28px;font-weight: 500;letter-spacing: 0.5px;text-transform: Uppercase;text-align: left;color: #888888\" data-font-size= 12 data-line-height= 28>\n\t+420 737 288 726<\/div>[vc_empty_space height=&#8221;20px&#8221;][\/vc_column][vc_column offset=&#8221;vc_col-lg-6 vc_col-md-6&#8243;][vc_column_text]<\/p>\n<h4 style=\"text-align: left;\">Donwload our brochure<\/h4>\n<p>[\/vc_column_text][vc_empty_space height=&#8221;15px&#8221;][vc_column_text]<\/p>\n<p style=\"text-align: left;\">Leave your contact iformation and we will send you our brochure about House Akorat in pdf format.<\/p>\n<p>[\/vc_column_text][vc_empty_space height=&#8221;15px&#8221;]<div role=\"form\" class=\"wpcf7\" id=\"wpcf7-f609-o1\" lang=\"cs-CZ\" dir=\"ltr\">\n<div class=\"screen-reader-response\"><p role=\"status\" aria-live=\"polite\" aria-atomic=\"true\"><\/p> <ul><\/ul><\/div>\n<form action=\"\/en\/wp-json\/wp\/v2\/pages\/5319#wpcf7-f609-o1\" method=\"post\" class=\"wpcf7-form init cf7_custom_style_1\" novalidate=\"novalidate\" data-status=\"init\">\n<div style=\"display: none;\">\n<input type=\"hidden\" name=\"_wpcf7\" value=\"609\" \/>\n<input type=\"hidden\" name=\"_wpcf7_version\" value=\"5.4.1\" \/>\n<input type=\"hidden\" name=\"_wpcf7_locale\" value=\"cs_CZ\" \/>\n<input type=\"hidden\" name=\"_wpcf7_unit_tag\" value=\"wpcf7-f609-o1\" \/>\n<input type=\"hidden\" name=\"_wpcf7_container_post\" value=\"0\" \/>\n<input type=\"hidden\" name=\"_wpcf7_posted_data_hash\" value=\"\" \/>\n<input type=\"hidden\" name=\"_wpcf7_recaptcha_response\" value=\"\" \/>\n<\/div>\n<div><span class=\"wpcf7-form-control-wrap text\"><input type=\"text\" name=\"text\" value=\"\" size=\"40\" class=\"wpcf7-form-control wpcf7-text wpcf7-validates-as-required\" aria-required=\"true\" aria-invalid=\"false\" placeholder=\"Jm\u00e9no a p\u0159\u00edjmen\u00ed\" \/><\/span><\/div>\n<div><span class=\"wpcf7-form-control-wrap email\"><input type=\"email\" name=\"email\" value=\"\" size=\"40\" class=\"wpcf7-form-control wpcf7-text wpcf7-email wpcf7-validates-as-required wpcf7-validates-as-email\" aria-required=\"true\" aria-invalid=\"false\" placeholder=\"E-mail\" \/><\/span><\/div>\n<div><span class=\"wpcf7-form-control-wrap dokument\"><span class=\"wpcf7-form-control wpcf7-radio\"><span class=\"wpcf7-list-item first\"><label><input type=\"radio\" name=\"dokument\" value=\"chci zaslat detailn\u00ed dokument\" checked=\"checked\" \/><span class=\"wpcf7-list-item-label\">chci zaslat detailn\u00ed dokument<\/span><\/label><\/span><span class=\"wpcf7-list-item last\"><label><input type=\"radio\" name=\"dokument\" value=\"pos\u00edl\u00e1m pouze zpr\u00e1vu n\u00ed\u017ee\" \/><span class=\"wpcf7-list-item-label\">pos\u00edl\u00e1m pouze zpr\u00e1vu n\u00ed\u017ee<\/span><\/label><\/span><\/span><\/span><\/div>\n<div><span class=\"wpcf7-form-control-wrap your-message\"><textarea name=\"your-message\" cols=\"40\" rows=\"10\" class=\"wpcf7-form-control wpcf7-textarea wpcf7-validates-as-required\" aria-required=\"true\" aria-invalid=\"false\" placeholder=\"Zpr\u00e1va*\"><\/textarea><\/span><\/div>\n<div><input type=\"submit\" value=\"Odeslat\" class=\"wpcf7-form-control wpcf7-submit\" \/><\/div>\n<div class=\"wpcf7-response-output\" aria-hidden=\"true\"><\/div><\/form><\/div>[vc_empty_space height=&#8221;50px&#8221;][\/vc_column][\/vc_row][vc_row content_width=&#8221;grid&#8221;][vc_column]<div class=\"edgtf-separator-holder clearfix  edgtf-separator-center edgtf-separator-full-width\">\n\t<div class=\"edgtf-separator\" style=\"border-color: #cacaca;border-style: solid;border-bottom-width: 1pxpx;margin-top: 49px;margin-bottom: 132px\"><\/div>\n<\/div>\n[\/vc_column][\/vc_row][vc_row content_width=&#8221;grid&#8221; css=&#8221;.vc_custom_1459410816028{padding-bottom: 140px !important;}&#8221;][vc_column][vc_column_text]<\/p>\n<h4 style=\"text-align: left;\">Tady s\u00eddl\u00edme<\/h4>\n<p>[\/vc_column_text][vc_empty_space height=&#8221;20px&#8221;][vc_raw_html]JTNDaWZyYW1lJTIwc3JjJTNEJTIyaHR0cHMlM0ElMkYlMkZ3d3cuZ29vZ2xlLmNvbSUyRm1hcHMlMkZlbWJlZCUzRnBiJTNEJTIxMW0xOCUyMTFtMTIlMjExbTMlMjExZDIzNTE2Ny4zOTg3MjY1NjgxMiUyMTJkMTcuMDk3ODE3MTI2MjgxMzMlMjEzZDQ5LjM2NjIwNTY1ODU2NjIyJTIxMm0zJTIxMWYwJTIxMmYwJTIxM2YwJTIxM20yJTIxMWkxMDI0JTIxMmk3NjglMjE0ZjEzLjElMjEzbTMlMjExbTIlMjExczB4MCUyNTNBMHgwJTIxMnpORG5Dc0RFNEp6UXdMaklpVGlBeE44S3dNak1uTkRJdU9DSkYlMjE1ZTAlMjEzbTIlMjExc2NzJTIxMnNjeiUyMTR2MTYyNTkyMDY4NzYyMiUyMTVtMiUyMTFzY3MlMjEyc2N6JTIyJTIwd2lkdGglM0QlMjIxNTAwJTIyJTIwaGVpZ2h0JTNEJTIyNjAwJTIyJTIwc3R5bGUlM0QlMjJib3JkZXIlM0EwJTNCJTIyJTIwYWxsb3dmdWxsc2NyZWVuJTNEJTIyJTIyJTIwbG9hZGluZyUzRCUyMmxhenklMjIlM0UlM0MlMkZpZnJhbWUlM0U=[\/vc_raw_html][\/vc_column][\/vc_row]<\/p>\n","protected":false},"excerpt":{"rendered":"<p>[vc_row content_width=&#8221;grid&#8221; content_aligment=&#8221;right&#8221; css=&#8221;.vc_custom_1625681349963{padding-top: 50px !important;padding-bottom: 40px !important;}&#8221;][vc_column width=&#8221;1\/2&#8243; offset=&#8221;vc_col-lg-3 vc_col-md-3&#8243;][vc_column_text] Contact [\/vc_column_text][vc_empty_space height=&#8221;15px&#8221;][vc_column_text] Would you like meet us face to face? Arrange a meeting with us. In case you have an interesting offer for cooperation of an information you would like to share, contact&#8230;<\/p>\n","protected":false},"author":1,"featured_media":0,"parent":0,"menu_order":0,"comment_status":"closed","ping_status":"closed","template":"full-width.php","meta":[],"_links":{"self":[{"href":"https:\/\/domek-akorat.cz\/en\/wp-json\/wp\/v2\/pages\/5319"}],"collection":[{"href":"https:\/\/domek-akorat.cz\/en\/wp-json\/wp\/v2\/pages"}],"about":[{"href":"https:\/\/domek-akorat.cz\/en\/wp-json\/wp\/v2\/types\/page"}],"author":[{"embeddable":true,"href":"https:\/\/domek-akorat.cz\/en\/wp-json\/wp\/v2\/users\/1"}],"replies":[{"embeddable":true,"href":"https:\/\/domek-akorat.cz\/en\/wp-json\/wp\/v2\/comments?post=5319"}],"version-history":[{"count":7,"href":"https:\/\/domek-akorat.cz\/en\/wp-json\/wp\/v2\/pages\/5319\/revisions"}],"predecessor-version":[{"id":5686,"href":"https:\/\/domek-akorat.cz\/en\/wp-json\/wp\/v2\/pages\/5319\/revisions\/5686"}],"wp:attachment":[{"href":"https:\/\/domek-akorat.cz\/en\/wp-json\/wp\/v2\/media?parent=5319"}],"curies":[{"name":"wp","href":"https:\/\/api.w.org\/{rel}","templated":true}]}}